{"id":136,"date":"2026-01-13T14:26:36","date_gmt":"2026-01-13T13:26:36","guid":{"rendered":"https:\/\/fastcodingtechnologies.com\/?page_id=136"},"modified":"2026-04-08T15:47:44","modified_gmt":"2026-04-08T14:47:44","slug":"home-2","status":"publish","type":"page","link":"https:\/\/fastcodingtechnologies.com\/","title":{"rendered":"ACCUEIL"},"content":{"rendered":"\t\t<div data-elementor-type=\"wp-page\" data-elementor-id=\"136\" class=\"elementor elementor-136\">\n\t\t\t\t<div class=\"elementor-element elementor-element-d5cfde3 e-transform e-flex e-con-boxed rael-particle-no e-con e-parent\" data-id=\"d5cfde3\" data-element_type=\"container\" data-e-type=\"container\" data-settings=\"{&quot;background_background&quot;:&quot;slideshow&quot;,&quot;background_slideshow_gallery&quot;:[],&quot;background_slideshow_slide_duration&quot;:5000,&quot;background_slideshow_slide_transition&quot;:&quot;fade&quot;,&quot;background_slideshow_transition_duration&quot;:500,&quot;rae_animations_entrance&quot;:&quot;none&quot;,&quot;_transform_rotateZ_effect&quot;:{&quot;unit&quot;:&quot;px&quot;,&quot;size&quot;:&quot;&quot;,&quot;sizes&quot;:[]},&quot;_transform_rotateZ_effect_tablet&quot;:{&quot;unit&quot;:&quot;deg&quot;,&quot;size&quot;:&quot;&quot;,&quot;sizes&quot;:[]},&quot;_transform_rotateZ_effect_mobile&quot;:{&quot;unit&quot;:&quot;deg&quot;,&quot;size&quot;:&quot;&quot;,&quot;sizes&quot;:[]}}\">\n\t\t\t\t\t<div class=\"e-con-inner\">\n\t\t\t\t<div class=\"elementor-element elementor-element-3ecd55be elementor-widget-mobile__width-initial elementor-widget__width-initial elementor-invisible elementor-widget elementor-widget-heading\" data-id=\"3ecd55be\" data-element_type=\"widget\" data-e-type=\"widget\" data-settings=\"{&quot;_animation&quot;:&quot;zoomIn&quot;}\" data-widget_type=\"heading.default\">\n\t\t\t\t\t<h1 class=\"elementor-heading-title elementor-size-default\">Sp\u00e9cialiste En Marquage, Codage, Emballage &amp;  Conditionnement Au Maroc<\/h1>\t\t\t\t<\/div>\n\t\t\t\t\t<\/div>\n\t\t\t\t<\/div>\n\t\t<div class=\"elementor-element elementor-element-7f62736 e-flex e-con-boxed rael-particle-no e-con e-parent\" data-id=\"7f62736\" data-element_type=\"container\" data-e-type=\"container\" data-settings=\"{&quot;rae_animations_entrance&quot;:&quot;none&quot;}\">\n\t\t\t\t\t<div class=\"e-con-inner\">\n\t\t\t\t<div class=\"elementor-element elementor-element-238d792 elementor-widget elementor-widget-spacer\" data-id=\"238d792\" data-element_type=\"widget\" data-e-type=\"widget\" data-widget_type=\"spacer.default\">\n\t\t\t\t\t\t\t<div class=\"elementor-spacer\">\n\t\t\t<div class=\"elementor-spacer-inner\"><\/div>\n\t\t<\/div>\n\t\t\t\t\t\t<\/div>\n\t\t\t\t<div class=\"elementor-element elementor-element-92d4116 elementor-widget-divider--view-line_text elementor-hidden-mobile elementor-widget-divider--element-align-center elementor-widget elementor-widget-divider\" data-id=\"92d4116\" data-element_type=\"widget\" data-e-type=\"widget\" data-widget_type=\"divider.default\">\n\t\t\t\t\t\t\t<div class=\"elementor-divider\">\n\t\t\t<span class=\"elementor-divider-separator\">\n\t\t\t\t\t\t\t<h1 class=\"elementor-divider__text elementor-divider__element\">\n\t\t\t\tQUI SOMMES NOUS\t\t\t\t<\/h1>\n\t\t\t\t\t\t<\/span>\n\t\t<\/div>\n\t\t\t\t\t\t<\/div>\n\t\t\t\t<div class=\"elementor-element elementor-element-99ec6d8 elementor-widget elementor-widget-spacer\" data-id=\"99ec6d8\" data-element_type=\"widget\" data-e-type=\"widget\" data-widget_type=\"spacer.default\">\n\t\t\t\t\t\t\t<div class=\"elementor-spacer\">\n\t\t\t<div class=\"elementor-spacer-inner\"><\/div>\n\t\t<\/div>\n\t\t\t\t\t\t<\/div>\n\t\t\t\t\t<\/div>\n\t\t\t\t<\/div>\n\t\t<div class=\"elementor-element elementor-element-d9f046a e-con-full e-flex rael-particle-no e-con e-parent\" data-id=\"d9f046a\" data-element_type=\"container\" data-e-type=\"container\" data-settings=\"{&quot;rae_animations_entrance&quot;:&quot;none&quot;}\">\n\t\t<div class=\"elementor-element elementor-element-f10f9a3 e-con-full e-flex rael-particle-no e-con e-child\" data-id=\"f10f9a3\" data-element_type=\"container\" data-e-type=\"container\" data-settings=\"{&quot;rae_animations_entrance&quot;:&quot;none&quot;}\">\n\t\t\t\t<div class=\"elementor-element elementor-element-773a9fb elementor-widget elementor-widget-image\" data-id=\"773a9fb\" data-element_type=\"widget\" data-e-type=\"widget\" data-widget_type=\"image.default\">\n\t\t\t\t\t\t\t\t\t\t\t\t\t\t\t<img fetchpriority=\"high\" decoding=\"async\" width=\"1408\" height=\"1056\" src=\"https:\/\/fastcodingtechnologies.com\/wp-content\/uploads\/2026\/04\/FAST-CODING-TECHNOLOGIES.png\" class=\"attachment-full size-full wp-image-3443\" alt=\"Sp\u00e9cialiste du codage industriel Maroc, FAST CODING TECHNOLOGIES propose des imprimantes de marquage industriel de haute performance : jet d\u2019encre CIJ\/TIJ, marquage laser industriel et impression industrielle haute r\u00e9solution. Experts en codage, marquage et tra\u00e7abilit\u00e9 produits, nous offrons des solutions avanc\u00e9es de codification et identification industrielle, incluant imprimantes code barre industriel, QR code industriel Maroc et dateur industriel.\" srcset=\"https:\/\/fastcodingtechnologies.com\/wp-content\/uploads\/2026\/04\/FAST-CODING-TECHNOLOGIES.png 1408w, https:\/\/fastcodingtechnologies.com\/wp-content\/uploads\/2026\/04\/FAST-CODING-TECHNOLOGIES-300x225.png 300w, https:\/\/fastcodingtechnologies.com\/wp-content\/uploads\/2026\/04\/FAST-CODING-TECHNOLOGIES-1024x768.png 1024w, https:\/\/fastcodingtechnologies.com\/wp-content\/uploads\/2026\/04\/FAST-CODING-TECHNOLOGIES-768x576.png 768w\" sizes=\"(max-width: 1408px) 100vw, 1408px\" \/>\t\t\t\t\t\t\t\t\t\t\t\t\t\t\t<\/div>\n\t\t\t\t<\/div>\n\t\t<div class=\"elementor-element elementor-element-e2464da e-con-full e-flex rael-particle-no e-con e-child\" data-id=\"e2464da\" data-element_type=\"container\" data-e-type=\"container\" data-settings=\"{&quot;rae_animations_entrance&quot;:&quot;none&quot;}\">\n\t\t\t\t<div class=\"elementor-element elementor-element-18f4cfa elementor-widget elementor-widget-text-editor\" data-id=\"18f4cfa\" data-element_type=\"widget\" data-e-type=\"widget\" data-widget_type=\"text-editor.default\">\n\t\t\t\t\t\t\t\t\t<p style=\"text-align: center;\"><b>Fast Coding Technologies<\/b> est importateur et distributeur d\u2019\u00e9quipements industriels de marquage, emballage et conditionnement incluant <b>des imprimantes industrielles<\/b>\u00a0ainsi que l\u2019ensemble de\u00a0leurs <b>consommables<\/b>.<\/p><p>Nos solutions int\u00e8grent les technologies\u00a0<strong>jet d\u2019encre continu (CIJ)<\/strong>,\u00a0<strong>jet d\u2019encre thermique (TIJ)<\/strong>\u00a0et\u00a0<strong>laser<\/strong>, afin de r\u00e9pondre avec pr\u00e9cision aux exigences sp\u00e9cifiques de chaque industrie.<\/p><p><strong>Fast Coding Technologies<\/strong>\u00a0accompagne ses clients avec des solutions de marquage adapt\u00e9es \u00e0 tous types de supports :\u00a0<strong>carton, verre, plastique, bois et m\u00e9tal.<\/strong><\/p><p>Nos techniciens interviennent sur toutes les grandes marques d\u2019imprimantes industrielles, notamment\u00a0<strong>Markem-Imaje, Videojet, Domino, Hitachi<\/strong>, <b>Rottweil,<\/b>&#8230;<\/p>\t\t\t\t\t\t\t\t<\/div>\n\t\t\t\t<\/div>\n\t\t<div class=\"elementor-element elementor-element-5fee5ee e-flex e-con-boxed rael-particle-no e-con e-child\" data-id=\"5fee5ee\" data-element_type=\"container\" data-e-type=\"container\" data-settings=\"{&quot;rae_animations_entrance&quot;:&quot;none&quot;}\">\n\t\t\t\t\t<div class=\"e-con-inner\">\n\t\t<div class=\"elementor-element elementor-element-a1b7b39 e-con-full e-flex rael-particle-no e-con e-child\" data-id=\"a1b7b39\" data-element_type=\"container\" data-e-type=\"container\" data-settings=\"{&quot;rae_animations_entrance&quot;:&quot;none&quot;}\">\n\t\t\t\t<div class=\"elementor-element elementor-element-76348eb elementor-widget elementor-widget-spacer\" data-id=\"76348eb\" data-element_type=\"widget\" data-e-type=\"widget\" data-widget_type=\"spacer.default\">\n\t\t\t\t\t\t\t<div class=\"elementor-spacer\">\n\t\t\t<div class=\"elementor-spacer-inner\"><\/div>\n\t\t<\/div>\n\t\t\t\t\t\t<\/div>\n\t\t\t\t<\/div>\n\t\t\t\t\t<\/div>\n\t\t\t\t<\/div>\n\t\t\t\t<\/div>\n\t\t<div class=\"elementor-element elementor-element-5fa05c2 e-flex e-con-boxed rael-particle-no e-con e-parent\" data-id=\"5fa05c2\" data-element_type=\"container\" data-e-type=\"container\" data-settings=\"{&quot;rae_animations_entrance&quot;:&quot;none&quot;}\">\n\t\t\t\t\t<div class=\"e-con-inner\">\n\t\t\t\t<div class=\"elementor-element elementor-element-bb5304a elementor-widget__width-inherit elementor-widget elementor-widget-spacer\" data-id=\"bb5304a\" data-element_type=\"widget\" data-e-type=\"widget\" data-widget_type=\"spacer.default\">\n\t\t\t\t\t\t\t<div class=\"elementor-spacer\">\n\t\t\t<div class=\"elementor-spacer-inner\"><\/div>\n\t\t<\/div>\n\t\t\t\t\t\t<\/div>\n\t\t<div class=\"elementor-element elementor-element-4b04056 e-con-full e-flex rael-particle-no e-con e-child\" data-id=\"4b04056\" data-element_type=\"container\" data-e-type=\"container\" data-settings=\"{&quot;rae_animations_entrance&quot;:&quot;none&quot;}\">\n\t\t\t\t<div class=\"elementor-element elementor-element-94fd55f elementor-widget-divider--view-line_text elementor-hidden-mobile elementor-widget-divider--element-align-center elementor-widget elementor-widget-divider\" data-id=\"94fd55f\" data-element_type=\"widget\" data-e-type=\"widget\" data-widget_type=\"divider.default\">\n\t\t\t\t\t\t\t<div class=\"elementor-divider\">\n\t\t\t<span class=\"elementor-divider-separator\">\n\t\t\t\t\t\t\t<h1 class=\"elementor-divider__text elementor-divider__element\">\n\t\t\t\tNOS SOLUTIONS\t\t\t\t<\/h1>\n\t\t\t\t\t\t<\/span>\n\t\t<\/div>\n\t\t\t\t\t\t<\/div>\n\t\t<div class=\"elementor-element elementor-element-d46d7f3 e-con-full e-flex rael-particle-no e-con e-child\" data-id=\"d46d7f3\" data-element_type=\"container\" data-e-type=\"container\" data-settings=\"{&quot;rae_animations_entrance&quot;:&quot;none&quot;}\">\n\t\t\t\t<div class=\"elementor-element elementor-element-4a60ec3 elementor-widget elementor-widget-spacer\" data-id=\"4a60ec3\" data-element_type=\"widget\" data-e-type=\"widget\" data-widget_type=\"spacer.default\">\n\t\t\t\t\t\t\t<div class=\"elementor-spacer\">\n\t\t\t<div class=\"elementor-spacer-inner\"><\/div>\n\t\t<\/div>\n\t\t\t\t\t\t<\/div>\n\t\t\t\t<\/div>\n\t\t\t\t<\/div>\n\t\t\t\t\t<\/div>\n\t\t\t\t<\/div>\n\t\t<div class=\"elementor-element elementor-element-ee1b003 e-con-full e-flex rael-particle-no elementor-invisible e-con e-parent\" data-id=\"ee1b003\" data-element_type=\"container\" data-e-type=\"container\" data-settings=\"{&quot;animation&quot;:&quot;zoomIn&quot;,&quot;rae_animations_entrance&quot;:&quot;none&quot;}\">\n\t\t<div class=\"elementor-element elementor-element-90f26c0 e-con-full e-flex rael-particle-no e-con e-child\" data-id=\"90f26c0\" data-element_type=\"container\" data-e-type=\"container\" data-settings=\"{&quot;rae_animations_entrance&quot;:&quot;none&quot;}\">\n\t\t\t\t<div class=\"elementor-element elementor-element-947ecba responsive-cta--layout-image-above responsive-cta--valign-middle responsive-cta--skin-classic elementor-animated-content elementor-widget elementor-widget-rael-call-to-action\" data-id=\"947ecba\" data-element_type=\"widget\" data-e-type=\"widget\" data-settings=\"{&quot;_animation&quot;:&quot;none&quot;}\" data-widget_type=\"rael-call-to-action.default\">\n\t\t\t\t<div class=\"elementor-widget-container\">\n\t\t\t\t\t\t\t<div  class=\"responsive-cta\"> \n\t\t\t\t\t<div class=\"responsive-cta__bg-wrapper\">\n\t\t\t\t<div class=\"responsive-cta__bg elementor-bg\" style=\"background-image: url(https:\/\/fastcodingtechnologies.com\/wp-content\/uploads\/2026\/03\/IMPRIMANTE-A-JET-DENCRE.png);\"><\/div>\n\t\t\t\t<div class=\"responsive-cta__bg-overlay\"><\/div>\n\t\t\t<\/div>\n\t\t\t\t\t\t\t<div class=\"responsive-cta__content\">\n\t\t\t\n\t\t\t\t\t\t\t<h6 class=\"responsive-cta__title responsive-cta__content-item elementor-content-item\">\n\t\t\t\tIMPRIMANTE A JET D&#039;ENCRE\t\t\t\t<\/h6>\n\t\t\t\n\t\t\t\n\t\t\t\t\t\t<div class=\"responsive-cta__button-wrapper responsive-cta__content-item elementor-content-item \">\n\t\t\t\t<a class=\"responsive-cta__button elementor-button elementor-size-sm\">\n\t\t\t\tEN SAVOIR PLUS\t\t\t\t<\/a>\n\t\t\t\t<\/div>\n\t\t\t\t\t\t<\/div>\n\t\t\t\t\t\t<\/div>\n\t\t\t\t\t\t<\/div>\n\t\t\t\t<\/div>\n\t\t\t\t<\/div>\n\t\t<div class=\"elementor-element elementor-element-0d0ad52 e-con-full e-flex rael-particle-no e-con e-child\" data-id=\"0d0ad52\" data-element_type=\"container\" data-e-type=\"container\" data-settings=\"{&quot;rae_animations_entrance&quot;:&quot;none&quot;}\">\n\t\t\t\t<div class=\"elementor-element elementor-element-8e51e97 responsive-cta--layout-image-above responsive-cta--valign-middle responsive-cta--skin-classic elementor-animated-content elementor-widget elementor-widget-rael-call-to-action\" data-id=\"8e51e97\" data-element_type=\"widget\" data-e-type=\"widget\" data-widget_type=\"rael-call-to-action.default\">\n\t\t\t\t<div class=\"elementor-widget-container\">\n\t\t\t\t\t\t\t<div  class=\"responsive-cta\"> \n\t\t\t\t\t<div class=\"responsive-cta__bg-wrapper\">\n\t\t\t\t<div class=\"responsive-cta__bg elementor-bg\" style=\"background-image: url(https:\/\/fastcodingtechnologies.com\/wp-content\/uploads\/2026\/02\/GRENTT.jpg);\"><\/div>\n\t\t\t\t<div class=\"responsive-cta__bg-overlay\"><\/div>\n\t\t\t<\/div>\n\t\t\t\t\t\t\t<div class=\"responsive-cta__content\">\n\t\t\t\n\t\t\t\t\t\t\t<h6 class=\"responsive-cta__title responsive-cta__content-item elementor-content-item\">\n\t\t\t\tTECHNOLOGIE DE LASER\t\t\t\t<\/h6>\n\t\t\t\n\t\t\t\n\t\t\t\t\t\t<div class=\"responsive-cta__button-wrapper responsive-cta__content-item elementor-content-item \">\n\t\t\t\t<a class=\"responsive-cta__button elementor-button elementor-size-sm\">\n\t\t\t\tEN SAVOIR PLUS\t\t\t\t<\/a>\n\t\t\t\t<\/div>\n\t\t\t\t\t\t<\/div>\n\t\t\t\t\t\t<\/div>\n\t\t\t\t\t\t<\/div>\n\t\t\t\t<\/div>\n\t\t\t\t<\/div>\n\t\t<div class=\"elementor-element elementor-element-f9e6ed0 e-con-full e-flex rael-particle-no e-con e-child\" data-id=\"f9e6ed0\" data-element_type=\"container\" data-e-type=\"container\" data-settings=\"{&quot;rae_animations_entrance&quot;:&quot;none&quot;}\">\n\t\t\t\t<div class=\"elementor-element elementor-element-0370e9c responsive-cta--layout-image-above responsive-cta--valign-middle responsive-cta--skin-classic elementor-animated-content elementor-widget elementor-widget-rael-call-to-action\" data-id=\"0370e9c\" data-element_type=\"widget\" data-e-type=\"widget\" data-widget_type=\"rael-call-to-action.default\">\n\t\t\t\t<div class=\"elementor-widget-container\">\n\t\t\t\t\t\t\t<div  class=\"responsive-cta\"> \n\t\t\t\t\t<div class=\"responsive-cta__bg-wrapper\">\n\t\t\t\t<div class=\"responsive-cta__bg elementor-bg\" style=\"background-image: url(https:\/\/fastcodingtechnologies.com\/wp-content\/uploads\/2026\/02\/Screenshot_2.png);\"><\/div>\n\t\t\t\t<div class=\"responsive-cta__bg-overlay\"><\/div>\n\t\t\t<\/div>\n\t\t\t\t\t\t\t<div class=\"responsive-cta__content\">\n\t\t\t\n\t\t\t\t\t\t\t<h6 class=\"responsive-cta__title responsive-cta__content-item elementor-content-item\">\n\t\t\t\tIMPRIMANTE TIJ DE LIGNE\t\t\t\t<\/h6>\n\t\t\t\n\t\t\t\n\t\t\t\t\t\t<div class=\"responsive-cta__button-wrapper responsive-cta__content-item elementor-content-item \">\n\t\t\t\t<a class=\"responsive-cta__button elementor-button elementor-size-sm\">\n\t\t\t\tEN SAVOIR PLUS\t\t\t\t<\/a>\n\t\t\t\t<\/div>\n\t\t\t\t\t\t<\/div>\n\t\t\t\t\t\t<\/div>\n\t\t\t\t\t\t<\/div>\n\t\t\t\t<\/div>\n\t\t\t\t<\/div>\n\t\t<div class=\"elementor-element elementor-element-cbf80cb e-con-full e-flex rael-particle-no e-con e-child\" data-id=\"cbf80cb\" data-element_type=\"container\" data-e-type=\"container\" data-settings=\"{&quot;rae_animations_entrance&quot;:&quot;none&quot;}\">\n\t\t\t\t<div class=\"elementor-element elementor-element-02c0fd3 responsive-cta--layout-image-above responsive-cta--valign-middle responsive-cta--skin-classic elementor-animated-content elementor-widget elementor-widget-rael-call-to-action\" data-id=\"02c0fd3\" data-element_type=\"widget\" data-e-type=\"widget\" data-widget_type=\"rael-call-to-action.default\">\n\t\t\t\t<div class=\"elementor-widget-container\">\n\t\t\t\t\t\t\t<div  class=\"responsive-cta\"> \n\t\t\t\t\t<div class=\"responsive-cta__bg-wrapper\">\n\t\t\t\t<div class=\"responsive-cta__bg elementor-bg\" style=\"background-image: url(https:\/\/fastcodingtechnologies.com\/wp-content\/uploads\/2026\/02\/Screenshot_1.png);\"><\/div>\n\t\t\t\t<div class=\"responsive-cta__bg-overlay\"><\/div>\n\t\t\t<\/div>\n\t\t\t\t\t\t\t<div class=\"responsive-cta__content\">\n\t\t\t\n\t\t\t\t\t\t\t<h6 class=\"responsive-cta__title responsive-cta__content-item elementor-content-item\">\n\t\t\t\tIMPRIMANTE TIJ MANUELLE\t\t\t\t<\/h6>\n\t\t\t\n\t\t\t\n\t\t\t\t\t\t<div class=\"responsive-cta__button-wrapper responsive-cta__content-item elementor-content-item \">\n\t\t\t\t<a class=\"responsive-cta__button elementor-button elementor-size-sm\">\n\t\t\t\tEN SAVOIR PLUS\t\t\t\t<\/a>\n\t\t\t\t<\/div>\n\t\t\t\t\t\t<\/div>\n\t\t\t\t\t\t<\/div>\n\t\t\t\t\t\t<\/div>\n\t\t\t\t<\/div>\n\t\t\t\t<\/div>\n\t\t\t\t<\/div>\n\t\t<div class=\"elementor-element elementor-element-991db3c e-flex e-con-boxed rael-particle-no e-con e-parent\" data-id=\"991db3c\" data-element_type=\"container\" data-e-type=\"container\" data-settings=\"{&quot;rae_animations_entrance&quot;:&quot;none&quot;}\">\n\t\t\t\t\t<div class=\"e-con-inner\">\n\t\t\t\t<div class=\"elementor-element elementor-element-dbfc8b5 elementor-widget elementor-widget-spacer\" data-id=\"dbfc8b5\" data-element_type=\"widget\" data-e-type=\"widget\" data-widget_type=\"spacer.default\">\n\t\t\t\t\t\t\t<div class=\"elementor-spacer\">\n\t\t\t<div class=\"elementor-spacer-inner\"><\/div>\n\t\t<\/div>\n\t\t\t\t\t\t<\/div>\n\t\t\t\t<div class=\"elementor-element elementor-element-99a4bfb elementor-widget-divider--view-line_text elementor-hidden-mobile elementor-widget-divider--element-align-center elementor-widget elementor-widget-divider\" data-id=\"99a4bfb\" data-element_type=\"widget\" data-e-type=\"widget\" data-widget_type=\"divider.default\">\n\t\t\t\t\t\t\t<div class=\"elementor-divider\">\n\t\t\t<span class=\"elementor-divider-separator\">\n\t\t\t\t\t\t\t<h1 class=\"elementor-divider__text elementor-divider__element\">\n\t\t\t\tNOS PARTENAIRES\t\t\t\t<\/h1>\n\t\t\t\t\t\t<\/span>\n\t\t<\/div>\n\t\t\t\t\t\t<\/div>\n\t\t\t\t<div class=\"elementor-element elementor-element-3281923 elementor-widget elementor-widget-spacer\" data-id=\"3281923\" data-element_type=\"widget\" data-e-type=\"widget\" data-widget_type=\"spacer.default\">\n\t\t\t\t\t\t\t<div class=\"elementor-spacer\">\n\t\t\t<div class=\"elementor-spacer-inner\"><\/div>\n\t\t<\/div>\n\t\t\t\t\t\t<\/div>\n\t\t\t\t\t<\/div>\n\t\t\t\t<\/div>\n\t\t<div class=\"elementor-element elementor-element-4006aa6 e-flex e-con-boxed rael-particle-no e-con e-parent\" data-id=\"4006aa6\" data-element_type=\"container\" data-e-type=\"container\" data-settings=\"{&quot;background_background&quot;:&quot;slideshow&quot;,&quot;background_slideshow_gallery&quot;:[],&quot;background_slideshow_loop&quot;:&quot;yes&quot;,&quot;background_slideshow_slide_duration&quot;:5000,&quot;background_slideshow_slide_transition&quot;:&quot;fade&quot;,&quot;background_slideshow_transition_duration&quot;:500,&quot;rae_animations_entrance&quot;:&quot;none&quot;}\">\n\t\t\t\t\t<div class=\"e-con-inner\">\n\t\t\t\t<div class=\"elementor-element elementor-element-7e59065 elementor-widget elementor-widget-image-carousel\" data-id=\"7e59065\" data-element_type=\"widget\" data-e-type=\"widget\" data-settings=\"{&quot;slides_to_show&quot;:&quot;4&quot;,&quot;slides_to_scroll&quot;:&quot;4&quot;,&quot;image_spacing_custom&quot;:{&quot;unit&quot;:&quot;px&quot;,&quot;size&quot;:100,&quot;sizes&quot;:[]},&quot;navigation&quot;:&quot;none&quot;,&quot;autoplay_speed&quot;:3000,&quot;autoplay&quot;:&quot;yes&quot;,&quot;pause_on_hover&quot;:&quot;yes&quot;,&quot;pause_on_interaction&quot;:&quot;yes&quot;,&quot;infinite&quot;:&quot;yes&quot;,&quot;speed&quot;:500,&quot;image_spacing_custom_tablet&quot;:{&quot;unit&quot;:&quot;px&quot;,&quot;size&quot;:&quot;&quot;,&quot;sizes&quot;:[]},&quot;image_spacing_custom_mobile&quot;:{&quot;unit&quot;:&quot;px&quot;,&quot;size&quot;:&quot;&quot;,&quot;sizes&quot;:[]}}\" data-widget_type=\"image-carousel.default\">\n\t\t\t\t\t\t\t<div class=\"elementor-image-carousel-wrapper swiper\" role=\"region\" aria-roledescription=\"carousel\" aria-label=\"LOGO SLIDER\" dir=\"ltr\">\n\t\t\t<div class=\"elementor-image-carousel swiper-wrapper swiper-image-stretch\" aria-live=\"off\">\n\t\t\t\t\t\t\t\t<div class=\"swiper-slide\" role=\"group\" aria-roledescription=\"slide\" aria-label=\"1 of 4\"><figure class=\"swiper-slide-inner\"><img decoding=\"async\" class=\"swiper-slide-image\" src=\"https:\/\/fastcodingtechnologies.com\/wp-content\/uploads\/2026\/02\/DIGITAL-INK-SUPPLIER-LOGO-1.png\" alt=\"DIGITAL INK SUPPLIER LOGO (1)\" \/><\/figure><\/div><div class=\"swiper-slide\" role=\"group\" aria-roledescription=\"slide\" aria-label=\"2 of 4\"><figure class=\"swiper-slide-inner\"><img decoding=\"async\" class=\"swiper-slide-image\" src=\"https:\/\/fastcodingtechnologies.com\/wp-content\/uploads\/2026\/03\/GRENTSUN-LASER-LOGO.png\" alt=\"GRENTSUN LASER LOGO\" \/><\/figure><\/div><div class=\"swiper-slide\" role=\"group\" aria-roledescription=\"slide\" aria-label=\"3 of 4\"><figure class=\"swiper-slide-inner\"><img decoding=\"async\" class=\"swiper-slide-image\" src=\"https:\/\/fastcodingtechnologies.com\/wp-content\/uploads\/2026\/02\/ROTTWEIL-INKJET-SUPPLIER.png\" alt=\"ROTTWEIL INKJET SUPPLIER\" \/><\/figure><\/div><div class=\"swiper-slide\" role=\"group\" aria-roledescription=\"slide\" aria-label=\"4 of 4\"><figure class=\"swiper-slide-inner\"><img decoding=\"async\" class=\"swiper-slide-image\" src=\"https:\/\/fastcodingtechnologies.com\/wp-content\/uploads\/2026\/02\/DOCOD_LOGO.png\" alt=\"DOCOD COMPANY\" \/><\/figure><\/div>\t\t\t<\/div>\n\t\t\t\t\t\t\t\n\t\t\t\t\t\t\t\t\t<\/div>\n\t\t\t\t\t\t<\/div>\n\t\t\t\t<div class=\"elementor-element elementor-element-c25a4ad elementor-widget elementor-widget-spacer\" data-id=\"c25a4ad\" data-element_type=\"widget\" data-e-type=\"widget\" data-widget_type=\"spacer.default\">\n\t\t\t\t\t\t\t<div class=\"elementor-spacer\">\n\t\t\t<div class=\"elementor-spacer-inner\"><\/div>\n\t\t<\/div>\n\t\t\t\t\t\t<\/div>\n\t\t\t\t<div class=\"elementor-element elementor-element-fcb05aa elementor-widget elementor-widget-spacer\" data-id=\"fcb05aa\" data-element_type=\"widget\" data-e-type=\"widget\" data-widget_type=\"spacer.default\">\n\t\t\t\t\t\t\t<div class=\"elementor-spacer\">\n\t\t\t<div class=\"elementor-spacer-inner\"><\/div>\n\t\t<\/div>\n\t\t\t\t\t\t<\/div>\n\t\t\t\t\t<\/div>\n\t\t\t\t<\/div>\n\t\t\t\t<\/div>\n\t\t","protected":false},"excerpt":{"rendered":"<p>Sp\u00e9cialiste En Marquage, Codage, Emballage &amp; Conditionnement Au Maroc QUI SOMMES NOUS Fast Coding Technologies est importateur et distributeur d\u2019\u00e9quipements industriels de marquage, emballage et conditionnement incluant des imprimantes industrielles\u00a0ainsi que l\u2019ensemble de\u00a0leurs consommables. Nos solutions int\u00e8grent les technologies\u00a0jet d\u2019encre continu (CIJ),\u00a0jet d\u2019encre thermique (TIJ)\u00a0et\u00a0laser, afin de r\u00e9pondre avec pr\u00e9cision aux exigences sp\u00e9cifiques de chaque&#8230;<\/p>\n","protected":false},"author":1,"featured_media":0,"parent":0,"menu_order":0,"comment_status":"closed","ping_status":"closed","template":"elementor_header_footer","meta":{"_kad_post_transparent":"","_kad_post_title":"","_kad_post_layout":"","_kad_post_sidebar_id":"","_kad_post_content_style":"","_kad_post_vertical_padding":"","_kad_post_feature":"","_kad_post_feature_position":"","_kad_post_header":false,"_kad_post_footer":false,"_kad_post_classname":"","footnotes":""},"class_list":["post-136","page","type-page","status-publish","hentry"],"_links":{"self":[{"href":"https:\/\/fastcodingtechnologies.com\/index.php?rest_route=\/wp\/v2\/pages\/136","targetHints":{"allow":["GET"]}}],"collection":[{"href":"https:\/\/fastcodingtechnologies.com\/index.php?rest_route=\/wp\/v2\/pages"}],"about":[{"href":"https:\/\/fastcodingtechnologies.com\/index.php?rest_route=\/wp\/v2\/types\/page"}],"author":[{"embeddable":true,"href":"https:\/\/fastcodingtechnologies.com\/index.php?rest_route=\/wp\/v2\/users\/1"}],"replies":[{"embeddable":true,"href":"https:\/\/fastcodingtechnologies.com\/index.php?rest_route=%2Fwp%2Fv2%2Fcomments&post=136"}],"version-history":[{"count":2469,"href":"https:\/\/fastcodingtechnologies.com\/index.php?rest_route=\/wp\/v2\/pages\/136\/revisions"}],"predecessor-version":[{"id":3792,"href":"https:\/\/fastcodingtechnologies.com\/index.php?rest_route=\/wp\/v2\/pages\/136\/revisions\/3792"}],"wp:attachment":[{"href":"https:\/\/fastcodingtechnologies.com\/index.php?rest_route=%2Fwp%2Fv2%2Fmedia&parent=136"}],"curies":[{"name":"wp","href":"https:\/\/api.w.org\/{rel}","templated":true}]}}