{"id":2248,"date":"2026-03-19T01:36:30","date_gmt":"2026-03-19T00:36:30","guid":{"rendered":"https:\/\/fastcodingtechnologies.com\/?page_id=2248"},"modified":"2026-04-08T15:43:59","modified_gmt":"2026-04-08T14:43:59","slug":"notre-histoire","status":"publish","type":"page","link":"https:\/\/fastcodingtechnologies.com\/?page_id=2248","title":{"rendered":"FAST CODING TECHNOLOGIES"},"content":{"rendered":"\t\t<div data-elementor-type=\"wp-page\" data-elementor-id=\"2248\" class=\"elementor elementor-2248\">\n\t\t\t\t<div class=\"elementor-element elementor-element-50b99b8 e-flex e-con-boxed rael-particle-no e-con e-parent\" data-id=\"50b99b8\" data-element_type=\"container\" data-e-type=\"container\" data-settings=\"{&quot;rae_animations_entrance&quot;:&quot;none&quot;}\">\n\t\t\t\t\t<div class=\"e-con-inner\">\n\t\t\t\t<div class=\"elementor-element elementor-element-6e76e4a elementor-widget elementor-widget-spacer\" data-id=\"6e76e4a\" data-element_type=\"widget\" data-e-type=\"widget\" data-widget_type=\"spacer.default\">\n\t\t\t\t\t\t\t<div class=\"elementor-spacer\">\n\t\t\t<div class=\"elementor-spacer-inner\"><\/div>\n\t\t<\/div>\n\t\t\t\t\t\t<\/div>\n\t\t\t\t<div class=\"elementor-element elementor-element-0bc55f1 elementor-widget-divider--view-line_text elementor-hidden-mobile elementor-widget-divider--element-align-center elementor-widget elementor-widget-divider\" data-id=\"0bc55f1\" data-element_type=\"widget\" data-e-type=\"widget\" data-widget_type=\"divider.default\">\n\t\t\t\t\t\t\t<div class=\"elementor-divider\">\n\t\t\t<span class=\"elementor-divider-separator\">\n\t\t\t\t\t\t\t<h1 class=\"elementor-divider__text elementor-divider__element\">\n\t\t\t\tQUI SOMMES NOUS\t\t\t\t<\/h1>\n\t\t\t\t\t\t<\/span>\n\t\t<\/div>\n\t\t\t\t\t\t<\/div>\n\t\t\t\t<div class=\"elementor-element elementor-element-9ef8a7d elementor-widget elementor-widget-spacer\" data-id=\"9ef8a7d\" data-element_type=\"widget\" data-e-type=\"widget\" data-widget_type=\"spacer.default\">\n\t\t\t\t\t\t\t<div class=\"elementor-spacer\">\n\t\t\t<div class=\"elementor-spacer-inner\"><\/div>\n\t\t<\/div>\n\t\t\t\t\t\t<\/div>\n\t\t\t\t\t<\/div>\n\t\t\t\t<\/div>\n\t\t<div class=\"elementor-element elementor-element-66d3568 e-con-full e-flex rael-particle-no e-con e-parent\" data-id=\"66d3568\" data-element_type=\"container\" data-e-type=\"container\" data-settings=\"{&quot;rae_animations_entrance&quot;:&quot;none&quot;}\">\n\t\t<div class=\"elementor-element elementor-element-942f4f6 e-con-full e-flex rael-particle-no e-con e-child\" data-id=\"942f4f6\" data-element_type=\"container\" data-e-type=\"container\" data-settings=\"{&quot;rae_animations_entrance&quot;:&quot;none&quot;}\">\n\t\t\t\t<div class=\"elementor-element elementor-element-70d1a3f elementor-widget elementor-widget-image\" data-id=\"70d1a3f\" data-element_type=\"widget\" data-e-type=\"widget\" data-widget_type=\"image.default\">\n\t\t\t\t\t\t\t\t\t\t\t\t\t\t\t<img fetchpriority=\"high\" decoding=\"async\" width=\"1408\" height=\"1056\" src=\"https:\/\/fastcodingtechnologies.com\/wp-content\/uploads\/2026\/04\/FAST-CODING-TECHNOLOGIES.png\" class=\"attachment-full size-full wp-image-3443\" alt=\"Sp\u00e9cialiste du codage industriel Maroc, FAST CODING TECHNOLOGIES propose des imprimantes de marquage industriel de haute performance : jet d\u2019encre CIJ\/TIJ, marquage laser industriel et impression industrielle haute r\u00e9solution. Experts en codage, marquage et tra\u00e7abilit\u00e9 produits, nous offrons des solutions avanc\u00e9es de codification et identification industrielle, incluant imprimantes code barre industriel, QR code industriel Maroc et dateur industriel.\" srcset=\"https:\/\/fastcodingtechnologies.com\/wp-content\/uploads\/2026\/04\/FAST-CODING-TECHNOLOGIES.png 1408w, https:\/\/fastcodingtechnologies.com\/wp-content\/uploads\/2026\/04\/FAST-CODING-TECHNOLOGIES-300x225.png 300w, https:\/\/fastcodingtechnologies.com\/wp-content\/uploads\/2026\/04\/FAST-CODING-TECHNOLOGIES-1024x768.png 1024w, https:\/\/fastcodingtechnologies.com\/wp-content\/uploads\/2026\/04\/FAST-CODING-TECHNOLOGIES-768x576.png 768w\" sizes=\"(max-width: 1408px) 100vw, 1408px\" \/>\t\t\t\t\t\t\t\t\t\t\t\t\t\t\t<\/div>\n\t\t\t\t<\/div>\n\t\t\t\t<div class=\"elementor-element elementor-element-974aaa0 elementor-widget elementor-widget-text-editor\" data-id=\"974aaa0\" data-element_type=\"widget\" data-e-type=\"widget\" data-widget_type=\"text-editor.default\">\n\t\t\t\t\t\t\t\t\t<p style=\"text-align: center;\"><strong>Fast Coding Technologies<\/strong>\u00a0est importateur et distributeur d\u2019\u00e9quipements industriels de marquage, incluant\u00a0<strong>des imprimantes industrielles<\/strong>\u00a0ainsi que l\u2019ensemble de\u00a0<strong>leurs consommables.<\/strong><\/p><p style=\"text-align: center;\">Nous proposons une large gamme de solutions de marquage et de codage \u00e9conomiques, rapides et fiables, con\u00e7ues pour optimiser vos co\u00fbts et am\u00e9liorer durablement la performance de votre cha\u00eene de production.<br \/>Nos solutions int\u00e8grent les technologies\u00a0<strong>jet d\u2019encre continu (CIJ)<\/strong>,\u00a0<strong>jet d\u2019encre thermique (TIJ)<\/strong>\u00a0et\u00a0<strong>laser<\/strong>, afin de r\u00e9pondre avec pr\u00e9cision aux exigences sp\u00e9cifiques de chaque industrie.<\/p><p style=\"text-align: center;\"><strong>Fast Coding Technologies<\/strong>\u00a0accompagne ses clients avec des solutions de marquage adapt\u00e9es \u00e0 tous types de supports :\u00a0<strong>carton, verre, plastique, bois et m\u00e9tal.<\/strong><br \/>Nos \u00e9quipements sont soutenus par une \u00e9quipe de techniciens hautement qualifi\u00e9s, garantissant l\u2019installation, l\u2019assistance technique et un service apr\u00e8s-vente r\u00e9actif et performant.<br \/>Nos techniciens interviennent sur toutes les grandes marques d\u2019imprimantes industrielles, notamment\u00a0<strong>Markem-Imaje, Videojet, Hitachi, Domino<\/strong>, et bien d\u2019autres.<\/p>\t\t\t\t\t\t\t\t<\/div>\n\t\t\t\t<\/div>\n\t\t<div class=\"elementor-element elementor-element-f295c10 e-flex e-con-boxed rael-particle-no e-con e-parent\" data-id=\"f295c10\" data-element_type=\"container\" data-e-type=\"container\" data-settings=\"{&quot;rae_animations_entrance&quot;:&quot;none&quot;}\">\n\t\t\t\t\t<div class=\"e-con-inner\">\n\t\t<div class=\"elementor-element elementor-element-1590bb5 e-con-full e-flex rael-particle-no e-con e-child\" data-id=\"1590bb5\" data-element_type=\"container\" data-e-type=\"container\" data-settings=\"{&quot;rae_animations_entrance&quot;:&quot;none&quot;}\">\n\t\t\t\t<div class=\"elementor-element elementor-element-62a08db elementor-widget elementor-widget-spacer\" data-id=\"62a08db\" data-element_type=\"widget\" data-e-type=\"widget\" data-widget_type=\"spacer.default\">\n\t\t\t\t\t\t\t<div class=\"elementor-spacer\">\n\t\t\t<div class=\"elementor-spacer-inner\"><\/div>\n\t\t<\/div>\n\t\t\t\t\t\t<\/div>\n\t\t\t\t<div class=\"elementor-element elementor-element-3fabfc0 elementor-widget-divider--view-line_text elementor-hidden-mobile elementor-widget-divider--element-align-center elementor-widget elementor-widget-divider\" data-id=\"3fabfc0\" data-element_type=\"widget\" data-e-type=\"widget\" data-widget_type=\"divider.default\">\n\t\t\t\t\t\t\t<div class=\"elementor-divider\">\n\t\t\t<span class=\"elementor-divider-separator\">\n\t\t\t\t\t\t\t<h1 class=\"elementor-divider__text elementor-divider__element\">\n\t\t\t\tNOS PARTENAIRES\t\t\t\t<\/h1>\n\t\t\t\t\t\t<\/span>\n\t\t<\/div>\n\t\t\t\t\t\t<\/div>\n\t\t\t\t<div class=\"elementor-element elementor-element-b89ae24 elementor-widget elementor-widget-spacer\" data-id=\"b89ae24\" data-element_type=\"widget\" data-e-type=\"widget\" data-widget_type=\"spacer.default\">\n\t\t\t\t\t\t\t<div class=\"elementor-spacer\">\n\t\t\t<div class=\"elementor-spacer-inner\"><\/div>\n\t\t<\/div>\n\t\t\t\t\t\t<\/div>\n\t\t\t\t<\/div>\n\t\t\t\t\t<\/div>\n\t\t\t\t<\/div>\n\t\t<div class=\"elementor-element elementor-element-6c38539 e-flex e-con-boxed rael-particle-no e-con e-parent\" data-id=\"6c38539\" data-element_type=\"container\" data-e-type=\"container\" data-settings=\"{&quot;rae_animations_entrance&quot;:&quot;none&quot;}\">\n\t\t\t\t\t<div class=\"e-con-inner\">\n\t\t<div class=\"elementor-element elementor-element-6bfff4e e-con-full e-flex rael-particle-no e-con e-child\" data-id=\"6bfff4e\" data-element_type=\"container\" data-e-type=\"container\" data-settings=\"{&quot;background_background&quot;:&quot;slideshow&quot;,&quot;background_slideshow_gallery&quot;:[],&quot;background_slideshow_loop&quot;:&quot;yes&quot;,&quot;background_slideshow_slide_duration&quot;:5000,&quot;background_slideshow_slide_transition&quot;:&quot;fade&quot;,&quot;background_slideshow_transition_duration&quot;:500,&quot;rae_animations_entrance&quot;:&quot;none&quot;}\">\n\t\t\t\t<div class=\"elementor-element elementor-element-4815ce6 elementor-widget elementor-widget-image-carousel\" data-id=\"4815ce6\" data-element_type=\"widget\" data-e-type=\"widget\" data-settings=\"{&quot;slides_to_show&quot;:&quot;4&quot;,&quot;slides_to_scroll&quot;:&quot;4&quot;,&quot;image_spacing_custom&quot;:{&quot;unit&quot;:&quot;px&quot;,&quot;size&quot;:100,&quot;sizes&quot;:[]},&quot;navigation&quot;:&quot;none&quot;,&quot;autoplay_speed&quot;:3000,&quot;autoplay&quot;:&quot;yes&quot;,&quot;pause_on_hover&quot;:&quot;yes&quot;,&quot;pause_on_interaction&quot;:&quot;yes&quot;,&quot;infinite&quot;:&quot;yes&quot;,&quot;speed&quot;:500,&quot;image_spacing_custom_tablet&quot;:{&quot;unit&quot;:&quot;px&quot;,&quot;size&quot;:&quot;&quot;,&quot;sizes&quot;:[]},&quot;image_spacing_custom_mobile&quot;:{&quot;unit&quot;:&quot;px&quot;,&quot;size&quot;:&quot;&quot;,&quot;sizes&quot;:[]}}\" data-widget_type=\"image-carousel.default\">\n\t\t\t\t\t\t\t<div class=\"elementor-image-carousel-wrapper swiper\" role=\"region\" aria-roledescription=\"carousel\" aria-label=\"LOGO SLIDER\" dir=\"ltr\">\n\t\t\t<div class=\"elementor-image-carousel swiper-wrapper swiper-image-stretch\" aria-live=\"off\">\n\t\t\t\t\t\t\t\t<div class=\"swiper-slide\" role=\"group\" aria-roledescription=\"slide\" aria-label=\"1 of 4\"><figure class=\"swiper-slide-inner\"><img decoding=\"async\" class=\"swiper-slide-image\" src=\"https:\/\/fastcodingtechnologies.com\/wp-content\/uploads\/2026\/02\/DIGITAL-INK-SUPPLIER-LOGO-1.png\" alt=\"DIGITAL INK SUPPLIER LOGO (1)\" \/><\/figure><\/div><div class=\"swiper-slide\" role=\"group\" aria-roledescription=\"slide\" aria-label=\"2 of 4\"><figure class=\"swiper-slide-inner\"><img decoding=\"async\" class=\"swiper-slide-image\" src=\"https:\/\/fastcodingtechnologies.com\/wp-content\/uploads\/2026\/03\/GRENTSUN-LASER-LOGO.png\" alt=\"GRENTSUN LASER LOGO\" \/><\/figure><\/div><div class=\"swiper-slide\" role=\"group\" aria-roledescription=\"slide\" aria-label=\"3 of 4\"><figure class=\"swiper-slide-inner\"><img decoding=\"async\" class=\"swiper-slide-image\" src=\"https:\/\/fastcodingtechnologies.com\/wp-content\/uploads\/2026\/02\/ROTTWEIL-INKJET-SUPPLIER.png\" alt=\"ROTTWEIL INKJET SUPPLIER\" \/><\/figure><\/div><div class=\"swiper-slide\" role=\"group\" aria-roledescription=\"slide\" aria-label=\"4 of 4\"><figure class=\"swiper-slide-inner\"><img decoding=\"async\" class=\"swiper-slide-image\" src=\"https:\/\/fastcodingtechnologies.com\/wp-content\/uploads\/2026\/02\/DOCOD_LOGO.png\" alt=\"DOCOD COMPANY\" \/><\/figure><\/div>\t\t\t<\/div>\n\t\t\t\t\t\t\t\n\t\t\t\t\t\t\t\t\t<\/div>\n\t\t\t\t\t\t<\/div>\n\t\t\t\t<div class=\"elementor-element elementor-element-e961dde elementor-widget elementor-widget-spacer\" data-id=\"e961dde\" data-element_type=\"widget\" data-e-type=\"widget\" data-widget_type=\"spacer.default\">\n\t\t\t\t\t\t\t<div class=\"elementor-spacer\">\n\t\t\t<div class=\"elementor-spacer-inner\"><\/div>\n\t\t<\/div>\n\t\t\t\t\t\t<\/div>\n\t\t\t\t<div class=\"elementor-element elementor-element-a32bfa1 elementor-widget elementor-widget-spacer\" data-id=\"a32bfa1\" data-element_type=\"widget\" data-e-type=\"widget\" data-widget_type=\"spacer.default\">\n\t\t\t\t\t\t\t<div class=\"elementor-spacer\">\n\t\t\t<div class=\"elementor-spacer-inner\"><\/div>\n\t\t<\/div>\n\t\t\t\t\t\t<\/div>\n\t\t<div class=\"elementor-element elementor-element-f669783 e-con-full e-flex rael-particle-no e-con e-child\" data-id=\"f669783\" data-element_type=\"container\" data-e-type=\"container\" data-settings=\"{&quot;rae_animations_entrance&quot;:&quot;none&quot;}\">\n\t\t<div class=\"elementor-element elementor-element-bf91aae e-con-full e-flex rael-particle-no e-con e-child\" data-id=\"bf91aae\" data-element_type=\"container\" data-e-type=\"container\" data-settings=\"{&quot;rae_animations_entrance&quot;:&quot;none&quot;}\">\n\t\t\t\t<\/div>\n\t\t\t\t<\/div>\n\t\t\t\t<\/div>\n\t\t\t\t\t<\/div>\n\t\t\t\t<\/div>\n\t\t\t\t<\/div>\n\t\t","protected":false},"excerpt":{"rendered":"<p>QUI SOMMES NOUS Fast Coding Technologies\u00a0est importateur et distributeur d\u2019\u00e9quipements industriels de marquage, incluant\u00a0des imprimantes industrielles\u00a0ainsi que l\u2019ensemble de\u00a0leurs consommables. Nous proposons une large gamme de solutions de marquage et de codage \u00e9conomiques, rapides et fiables, con\u00e7ues pour optimiser vos co\u00fbts et am\u00e9liorer durablement la performance de votre cha\u00eene de production.Nos solutions int\u00e8grent les technologies\u00a0jet&#8230;<\/p>\n","protected":false},"author":1,"featured_media":0,"parent":0,"menu_order":0,"comment_status":"closed","ping_status":"closed","template":"","meta":{"_kad_post_transparent":"","_kad_post_title":"hide","_kad_post_layout":"fullwidth","_kad_post_sidebar_id":"","_kad_post_content_style":"unboxed","_kad_post_vertical_padding":"hide","_kad_post_feature":"hide","_kad_post_feature_position":"","_kad_post_header":false,"_kad_post_footer":false,"_kad_post_classname":"","footnotes":""},"class_list":["post-2248","page","type-page","status-publish","hentry"],"_links":{"self":[{"href":"https:\/\/fastcodingtechnologies.com\/index.php?rest_route=\/wp\/v2\/pages\/2248","targetHints":{"allow":["GET"]}}],"collection":[{"href":"https:\/\/fastcodingtechnologies.com\/index.php?rest_route=\/wp\/v2\/pages"}],"about":[{"href":"https:\/\/fastcodingtechnologies.com\/index.php?rest_route=\/wp\/v2\/types\/page"}],"author":[{"embeddable":true,"href":"https:\/\/fastcodingtechnologies.com\/index.php?rest_route=\/wp\/v2\/users\/1"}],"replies":[{"embeddable":true,"href":"https:\/\/fastcodingtechnologies.com\/index.php?rest_route=%2Fwp%2Fv2%2Fcomments&post=2248"}],"version-history":[{"count":148,"href":"https:\/\/fastcodingtechnologies.com\/index.php?rest_route=\/wp\/v2\/pages\/2248\/revisions"}],"predecessor-version":[{"id":3777,"href":"https:\/\/fastcodingtechnologies.com\/index.php?rest_route=\/wp\/v2\/pages\/2248\/revisions\/3777"}],"wp:attachment":[{"href":"https:\/\/fastcodingtechnologies.com\/index.php?rest_route=%2Fwp%2Fv2%2Fmedia&parent=2248"}],"curies":[{"name":"wp","href":"https:\/\/api.w.org\/{rel}","templated":true}]}}