{"id":246,"date":"2026-01-19T12:36:29","date_gmt":"2026-01-19T11:36:29","guid":{"rendered":"https:\/\/fastcodingtechnologies.com\/?page_id=246"},"modified":"2026-03-23T18:19:58","modified_gmt":"2026-03-23T17:19:58","slug":"qui-sommes-nous","status":"publish","type":"page","link":"https:\/\/fastcodingtechnologies.com\/?page_id=246","title":{"rendered":"SERVICES"},"content":{"rendered":"\t\t<div data-elementor-type=\"wp-page\" data-elementor-id=\"246\" class=\"elementor elementor-246\">\n\t\t\t\t<div class=\"elementor-element elementor-element-b3c1c18 e-con-full e-flex rael-particle-no e-con e-parent\" data-id=\"b3c1c18\" data-element_type=\"container\" data-e-type=\"container\" data-settings=\"{&quot;rae_animations_entrance&quot;:&quot;none&quot;}\">\n\t\t\t\t<div class=\"elementor-element elementor-element-26abcbcb elementor-widget elementor-widget-text-editor\" data-id=\"26abcbcb\" data-element_type=\"widget\" data-e-type=\"widget\" data-widget_type=\"text-editor.default\">\n\t\t\t\t\t\t\t\t\t\n<div class=\"wp-block-media-text is-stacked-on-mobile\">\n<figure class=\"wp-block-media-text__media\"><img decoding=\"async\" class=\"wp-image-250 size-full\" src=\"https:\/\/fastcodingtechnologies.com\/wp-content\/uploads\/2026\/01\/Grentsun-Fiber-Laser.png\" alt=\"\" \/><\/figure>\n<div class=\"wp-block-media-text__content\">\n<p><strong>Fast Coding Technologies<\/strong> est importateur et distributeur d\u2019\u00e9quipements industriels de marquage, incluant <strong>des imprimantes industrielles<\/strong> ainsi que l\u2019ensemble de <strong>leurs consommables.<\/strong><\/p>\n\n<p>Nous proposons une large gamme de solutions de marquage et de codage \u00e9conomiques, rapides et fiables, con\u00e7ues pour optimiser vos co\u00fbts et am\u00e9liorer durablement la performance de votre cha\u00eene de production.<br \/>Nos solutions int\u00e8grent les technologies <strong>jet d\u2019encre continu (CIJ)<\/strong>, <strong>jet d\u2019encre thermique (TIJ)<\/strong> et <strong>laser<\/strong>, afin de r\u00e9pondre avec pr\u00e9cision aux exigences sp\u00e9cifiques de chaque industrie.<\/p>\n\n<p><strong>Fast Coding Technologies<\/strong> accompagne ses clients avec des solutions de marquage adapt\u00e9es \u00e0 tous types de supports : <strong>carton, verre, plastique, bois et m\u00e9tal.<\/strong><br \/>Nos \u00e9quipements sont soutenus par une \u00e9quipe de techniciens hautement qualifi\u00e9s, garantissant l\u2019installation, l\u2019assistance technique et un service apr\u00e8s-vente r\u00e9actif et performant.<br \/>Nos techniciens interviennent sur toutes les grandes marques d\u2019imprimantes industrielles, notamment <strong>Markem-Imaje, Videojet, Hitachi, Domino<\/strong>, et bien d\u2019autres.<\/p>\n<\/div>\n<\/div>\n\n<p>\u00a0<\/p>\n\t\t\t\t\t\t\t\t<\/div>\n\t\t\t\t<\/div>\n\t\t\t\t<\/div>\n\t\t","protected":false},"excerpt":{"rendered":"<p>Fast Coding Technologies est importateur et distributeur d\u2019\u00e9quipements industriels de marquage, incluant des imprimantes industrielles ainsi que l\u2019ensemble de leurs consommables. Nous proposons une large gamme de solutions de marquage et de codage \u00e9conomiques, rapides et fiables, con\u00e7ues pour optimiser vos co\u00fbts et am\u00e9liorer durablement la performance de votre cha\u00eene de production.Nos solutions int\u00e8grent les&#8230;<\/p>\n","protected":false},"author":1,"featured_media":0,"parent":0,"menu_order":0,"comment_status":"closed","ping_status":"closed","template":"","meta":{"_kad_post_transparent":"","_kad_post_title":"","_kad_post_layout":"","_kad_post_sidebar_id":"","_kad_post_content_style":"","_kad_post_vertical_padding":"","_kad_post_feature":"","_kad_post_feature_position":"","_kad_post_header":false,"_kad_post_footer":false,"_kad_post_classname":"","footnotes":""},"class_list":["post-246","page","type-page","status-publish","hentry"],"_links":{"self":[{"href":"https:\/\/fastcodingtechnologies.com\/index.php?rest_route=\/wp\/v2\/pages\/246","targetHints":{"allow":["GET"]}}],"collection":[{"href":"https:\/\/fastcodingtechnologies.com\/index.php?rest_route=\/wp\/v2\/pages"}],"about":[{"href":"https:\/\/fastcodingtechnologies.com\/index.php?rest_route=\/wp\/v2\/types\/page"}],"author":[{"embeddable":true,"href":"https:\/\/fastcodingtechnologies.com\/index.php?rest_route=\/wp\/v2\/users\/1"}],"replies":[{"embeddable":true,"href":"https:\/\/fastcodingtechnologies.com\/index.php?rest_route=%2Fwp%2Fv2%2Fcomments&post=246"}],"version-history":[{"count":22,"href":"https:\/\/fastcodingtechnologies.com\/index.php?rest_route=\/wp\/v2\/pages\/246\/revisions"}],"predecessor-version":[{"id":2659,"href":"https:\/\/fastcodingtechnologies.com\/index.php?rest_route=\/wp\/v2\/pages\/246\/revisions\/2659"}],"wp:attachment":[{"href":"https:\/\/fastcodingtechnologies.com\/index.php?rest_route=%2Fwp%2Fv2%2Fmedia&parent=246"}],"curies":[{"name":"wp","href":"https:\/\/api.w.org\/{rel}","templated":true}]}}