{"id":2860,"date":"2026-03-28T14:52:21","date_gmt":"2026-03-28T13:52:21","guid":{"rendered":"https:\/\/fastcodingtechnologies.com\/?page_id=2860"},"modified":"2026-03-28T14:53:31","modified_gmt":"2026-03-28T13:53:31","slug":"consommables-des-imprimantes-de-ligne-et-manuelle","status":"publish","type":"page","link":"https:\/\/fastcodingtechnologies.com\/?page_id=2860","title":{"rendered":"CONSOMMABLES DES IMPRIMANTES DE LIGNE ET MANUELLE (TIJ)"},"content":{"rendered":"\t\t<div data-elementor-type=\"wp-page\" data-elementor-id=\"2860\" class=\"elementor elementor-2860\">\n\t\t\t\t<div class=\"elementor-element elementor-element-66d3568 e-con-full e-flex rael-particle-no e-con e-parent\" data-id=\"66d3568\" data-element_type=\"container\" data-e-type=\"container\" data-settings=\"{&quot;rae_animations_entrance&quot;:&quot;none&quot;}\">\n\t\t<div class=\"elementor-element elementor-element-942f4f6 e-con-full e-flex rael-particle-no e-con e-child\" data-id=\"942f4f6\" data-element_type=\"container\" data-e-type=\"container\" data-settings=\"{&quot;rae_animations_entrance&quot;:&quot;none&quot;}\">\n\t\t\t\t<div class=\"elementor-element elementor-element-70d1a3f elementor-widget elementor-widget-image\" data-id=\"70d1a3f\" data-element_type=\"widget\" data-e-type=\"widget\" data-widget_type=\"image.default\">\n\t\t\t\t\t\t\t\t\t\t\t\t\t\t\t<img decoding=\"async\" src=\"https:\/\/fastcodingtechnologies.com\/wp-content\/uploads\/2026\/03\/ChatGPT-Image-Mar-21-2026-03_10_54-PM.png\" title=\"\" alt=\"\" loading=\"lazy\" \/>\t\t\t\t\t\t\t\t\t\t\t\t\t\t\t<\/div>\n\t\t\t\t<\/div>\n\t\t\t\t<div class=\"elementor-element elementor-element-974aaa0 elementor-widget elementor-widget-text-editor\" data-id=\"974aaa0\" data-element_type=\"widget\" data-e-type=\"widget\" data-widget_type=\"text-editor.default\">\n\t\t\t\t\t\t\t\t\t<p><strong>Fast Coding Technologies<\/strong>u00a0est importateur et distributeur du2019u00e9quipements industriels de marquage, incluantu00a0<strong>des imprimantes industrielles<\/strong>u00a0ainsi que lu2019ensemble deu00a0<strong>leurs consommables.<\/strong><\/p><p>Nous proposons une large gamme de solutions de marquage et de codage u00e9conomiques, rapides et fiables, conu00e7ues pour optimiser vos cou00fbts et amu00e9liorer durablement la performance de votre chau00eene de production.<br \/>Nos solutions intu00e8grent les technologiesu00a0<strong>jet du2019encre continu (CIJ)<\/strong>,u00a0<strong>jet du2019encre thermique (TIJ)<\/strong>u00a0etu00a0<strong>laser<\/strong>, afin de ru00e9pondre avec pru00e9cision aux exigences spu00e9cifiques de chaque industrie.<\/p><p><strong>Fast Coding Technologies<\/strong>u00a0accompagne ses clients avec des solutions de marquage adaptu00e9es u00e0 tous types de supports :u00a0<strong>carton, verre, plastique, bois et mu00e9tal.<\/strong><br \/>Nos u00e9quipements sont soutenus par une u00e9quipe de techniciens hautement qualifiu00e9s, garantissant lu2019installation, lu2019assistance technique et un service apru00e8s-vente ru00e9actif et performant.<br \/>Nos techniciens interviennent sur toutes les grandes marques du2019imprimantes industrielles, notammentu00a0<strong>Markem-Imaje, Videojet, Hitachi, Domino<\/strong>, et bien du2019autres.<\/p>\t\t\t\t\t\t\t\t<\/div>\n\t\t\t\t<\/div>\n\t\t\t\t<\/div>\n\t\t","protected":false},"excerpt":{"rendered":"<p>Fast Coding Technologies\u00a0est importateur et distributeur d\u2019\u00e9quipements industriels de marquage, incluant\u00a0des imprimantes industrielles\u00a0ainsi que l\u2019ensemble de\u00a0leurs consommables. Nous proposons une large gamme de solutions de marquage et de codage \u00e9conomiques, rapides et fiables, con\u00e7ues pour optimiser vos co\u00fbts et am\u00e9liorer durablement la performance de votre cha\u00eene de production.Nos solutions int\u00e8grent les technologies\u00a0jet d\u2019encre continu (CIJ),\u00a0jet&#8230;<\/p>\n","protected":false},"author":1,"featured_media":0,"parent":0,"menu_order":0,"comment_status":"closed","ping_status":"closed","template":"","meta":{"_kad_post_transparent":"","_kad_post_title":"hide","_kad_post_layout":"fullwidth","_kad_post_sidebar_id":"","_kad_post_content_style":"unboxed","_kad_post_vertical_padding":"hide","_kad_post_feature":"hide","_kad_post_feature_position":"","_kad_post_header":false,"_kad_post_footer":false,"_kad_post_classname":"","footnotes":""},"class_list":["post-2860","page","type-page","status-publish","hentry"],"_links":{"self":[{"href":"https:\/\/fastcodingtechnologies.com\/index.php?rest_route=\/wp\/v2\/pages\/2860","targetHints":{"allow":["GET"]}}],"collection":[{"href":"https:\/\/fastcodingtechnologies.com\/index.php?rest_route=\/wp\/v2\/pages"}],"about":[{"href":"https:\/\/fastcodingtechnologies.com\/index.php?rest_route=\/wp\/v2\/types\/page"}],"author":[{"embeddable":true,"href":"https:\/\/fastcodingtechnologies.com\/index.php?rest_route=\/wp\/v2\/users\/1"}],"replies":[{"embeddable":true,"href":"https:\/\/fastcodingtechnologies.com\/index.php?rest_route=%2Fwp%2Fv2%2Fcomments&post=2860"}],"version-history":[{"count":2,"href":"https:\/\/fastcodingtechnologies.com\/index.php?rest_route=\/wp\/v2\/pages\/2860\/revisions"}],"predecessor-version":[{"id":2864,"href":"https:\/\/fastcodingtechnologies.com\/index.php?rest_route=\/wp\/v2\/pages\/2860\/revisions\/2864"}],"wp:attachment":[{"href":"https:\/\/fastcodingtechnologies.com\/index.php?rest_route=%2Fwp%2Fv2%2Fmedia&parent=2860"}],"curies":[{"name":"wp","href":"https:\/\/api.w.org\/{rel}","templated":true}]}}